{"id":129,"date":"2017-11-28T08:26:45","date_gmt":"2017-11-28T08:26:45","guid":{"rendered":"http:\/\/demo2.drfuri.com\/martfury11\/?page_id=129"},"modified":"2026-03-18T16:40:52","modified_gmt":"2026-03-18T16:40:52","slug":"about-us","status":"publish","type":"page","link":"https:\/\/pheniciasv.com\/shop\/about-us\/","title":{"rendered":"About Us"},"content":{"rendered":"\t\t<div data-elementor-type=\"wp-post\" data-elementor-id=\"129\" class=\"elementor elementor-129\">\n\t\t\t\t\t\t<section class=\"elementor-section elementor-top-section elementor-element elementor-element-664a32f6 elementor-section-full_width elementor-section-stretched elementor-section-height-default elementor-section-height-default\" data-id=\"664a32f6\" data-element_type=\"section\" data-settings=\"{&quot;stretch_section&quot;:&quot;section-stretched&quot;}\">\n\t\t\t\t\t\t<div class=\"elementor-container elementor-column-gap-no\">\n\t\t\t\t\t<div class=\"elementor-column elementor-col-100 elementor-top-column elementor-element elementor-element-7d0b5904\" data-id=\"7d0b5904\" data-element_type=\"column\">\n\t\t\t<div class=\"elementor-widget-wrap elementor-element-populated\">\n\t\t\t\t\t\t<div class=\"elementor-element elementor-element-1ee81c2f elementor-widget elementor-widget-image\" data-id=\"1ee81c2f\" data-element_type=\"widget\" data-widget_type=\"image.default\">\n\t\t\t\t\t\t\t\t\t\t\t\t\t\t\t<img decoding=\"async\" src=\"https:\/\/github.com\/drfuri\/demo-content\/raw\/main\/martfury\/media\/vender1.jpg\" title=\"\" alt=\"\" loading=\"lazy\" \/>\t\t\t\t\t\t\t\t\t\t\t\t\t\t\t<\/div>\n\t\t\t\t<div class=\"elementor-element elementor-element-5faae3dd elementor-widget elementor-widget-spacer\" data-id=\"5faae3dd\" data-element_type=\"widget\" data-widget_type=\"spacer.default\">\n\t\t\t\t\t\t\t<div class=\"elementor-spacer\">\n\t\t\t<div class=\"elementor-spacer-inner\"><\/div>\n\t\t<\/div>\n\t\t\t\t\t\t<\/div>\n\t\t\t\t\t<\/div>\n\t\t<\/div>\n\t\t\t\t\t<\/div>\n\t\t<\/section>\n\t\t\t\t<section class=\"elementor-section elementor-top-section elementor-element elementor-element-429ae23a elementor-section-boxed elementor-section-height-default elementor-section-height-default\" data-id=\"429ae23a\" data-element_type=\"section\">\n\t\t\t\t\t\t<div class=\"elementor-container elementor-column-gap-extended\">\n\t\t\t\t\t<div class=\"elementor-column elementor-col-33 elementor-top-column elementor-element elementor-element-5b2fb385\" data-id=\"5b2fb385\" data-element_type=\"column\">\n\t\t\t<div class=\"elementor-widget-wrap\">\n\t\t\t\t\t\t\t<\/div>\n\t\t<\/div>\n\t\t\t\t<div class=\"elementor-column elementor-col-33 elementor-top-column elementor-element elementor-element-706115f\" data-id=\"706115f\" data-element_type=\"column\">\n\t\t\t<div class=\"elementor-widget-wrap elementor-element-populated\">\n\t\t\t\t\t\t<div class=\"elementor-element elementor-element-50ff28d9 elementor-widget elementor-widget-heading\" data-id=\"50ff28d9\" data-element_type=\"widget\" data-widget_type=\"heading.default\">\n\t\t\t\t\t<h3 class=\"elementor-heading-title elementor-size-default\">\u00a1Bienvenidos a Phenicia!<\/h3>\t\t\t\t<\/div>\n\t\t\t\t<div class=\"elementor-element elementor-element-3d8e18d0 elementor-widget elementor-widget-spacer\" data-id=\"3d8e18d0\" data-element_type=\"widget\" data-widget_type=\"spacer.default\">\n\t\t\t\t\t\t\t<div class=\"elementor-spacer\">\n\t\t\t<div class=\"elementor-spacer-inner\"><\/div>\n\t\t<\/div>\n\t\t\t\t\t\t<\/div>\n\t\t\t\t<div class=\"elementor-element elementor-element-19b83964 elementor-widget elementor-widget-heading\" data-id=\"19b83964\" data-element_type=\"widget\" data-widget_type=\"heading.default\">\n\t\t\t\t\t<h2 class=\"elementor-heading-title elementor-size-default\">Acerca de nosotros<\/h2>\t\t\t\t<\/div>\n\t\t\t\t<div class=\"elementor-element elementor-element-7a7b890d elementor-widget elementor-widget-spacer\" data-id=\"7a7b890d\" data-element_type=\"widget\" data-widget_type=\"spacer.default\">\n\t\t\t\t\t\t\t<div class=\"elementor-spacer\">\n\t\t\t<div class=\"elementor-spacer-inner\"><\/div>\n\t\t<\/div>\n\t\t\t\t\t\t<\/div>\n\t\t\t\t<div class=\"elementor-element elementor-element-3e0f05ee elementor-widget__width-initial elementor-widget elementor-widget-text-editor\" data-id=\"3e0f05ee\" data-element_type=\"widget\" data-widget_type=\"text-editor.default\">\n\t\t\t\t\t\t\t\t\t<p>Somos un negocio familiar con ra\u00edces profundas y una pasi\u00f3n por la cultura, la tradici\u00f3n y el dise\u00f1o. Hoy presentamos con orgullo <strong>PHENICIA<\/strong>, un concepto inspirado en la rica herencia de los antiguos fenicios, reconocidos por su artesan\u00eda, su comercio y su capacidad para conectar civilizaciones a lo largo del Mediterr\u00e1neo.<\/p><p><strong>PHENICIA es m\u00e1s que una tienda; es un homenaje a ese legado.<\/strong> Nuestro espacio est\u00e1 dedicado a llevar piezas atemporales de L\u00edbano y del Medio Oriente a los hogares modernos, cada art\u00edculo reflejando historia, arte e identidad cultural.<\/p><p>Inspirados por el esp\u00edritu de los fenicios \u2014quienes difundieron belleza, conocimiento y creatividad a trav\u00e9s de distintas tierras\u2014 en PHENICIA buscamos revivir esa conexi\u00f3n. Nuestro objetivo es crear un punto de encuentro cultural donde la tradici\u00f3n y el dise\u00f1o se unan, donde cada objeto cuente una historia y donde los hogares se transformen en espacios llenos de significado, calidez y herencia.<\/p><p>\u00a0<\/p><p>En <strong>PHENICIA<\/strong>, no solo ofrecemos decoraci\u00f3n: compartimos un viaje a trav\u00e9s de la historia, la cultura y el arte de vivir.<\/p>\t\t\t\t\t\t\t\t<\/div>\n\t\t\t\t<div class=\"elementor-element elementor-element-3824dc8c elementor-widget elementor-widget-spacer\" data-id=\"3824dc8c\" data-element_type=\"widget\" data-widget_type=\"spacer.default\">\n\t\t\t\t\t\t\t<div class=\"elementor-spacer\">\n\t\t\t<div class=\"elementor-spacer-inner\"><\/div>\n\t\t<\/div>\n\t\t\t\t\t\t<\/div>\n\t\t\t\t\t<\/div>\n\t\t<\/div>\n\t\t\t\t<div class=\"elementor-column elementor-col-33 elementor-top-column elementor-element elementor-element-69b4f711\" data-id=\"69b4f711\" data-element_type=\"column\">\n\t\t\t<div class=\"elementor-widget-wrap\">\n\t\t\t\t\t\t\t<\/div>\n\t\t<\/div>\n\t\t\t\t\t<\/div>\n\t\t<\/section>\n\t\t\t\t<section class=\"elementor-section elementor-top-section elementor-element elementor-element-1a924abb elementor-section-boxed elementor-section-height-default elementor-section-height-default\" data-id=\"1a924abb\" data-element_type=\"section\">\n\t\t\t\t\t\t<div class=\"elementor-container elementor-column-gap-default\">\n\t\t\t\t\t<div class=\"elementor-column elementor-col-100 elementor-top-column elementor-element elementor-element-a3767d0\" data-id=\"a3767d0\" data-element_type=\"column\">\n\t\t\t<div class=\"elementor-widget-wrap elementor-element-populated\">\n\t\t\t\t\t\t<div class=\"elementor-element elementor-element-25efc029 elementor-widget-divider--view-line elementor-widget elementor-widget-divider\" data-id=\"25efc029\" data-element_type=\"widget\" data-widget_type=\"divider.default\">\n\t\t\t\t\t\t\t<div class=\"elementor-divider\">\n\t\t\t<span class=\"elementor-divider-separator\">\n\t\t\t\t\t\t<\/span>\n\t\t<\/div>\n\t\t\t\t\t\t<\/div>\n\t\t\t\t<div class=\"elementor-element elementor-element-2b514a7c elementor-widget elementor-widget-spacer\" data-id=\"2b514a7c\" data-element_type=\"widget\" data-widget_type=\"spacer.default\">\n\t\t\t\t\t\t\t<div class=\"elementor-spacer\">\n\t\t\t<div class=\"elementor-spacer-inner\"><\/div>\n\t\t<\/div>\n\t\t\t\t\t\t<\/div>\n\t\t\t\t\t<\/div>\n\t\t<\/div>\n\t\t\t\t\t<\/div>\n\t\t<\/section>\n\t\t\t\t<section class=\"elementor-section elementor-top-section elementor-element elementor-element-57445e88 elementor-section-boxed elementor-section-height-default elementor-section-height-default\" data-id=\"57445e88\" data-element_type=\"section\">\n\t\t\t\t\t\t<div class=\"elementor-container elementor-column-gap-default\">\n\t\t\t\t\t<div class=\"elementor-column elementor-col-100 elementor-top-column elementor-element elementor-element-373123b\" data-id=\"373123b\" data-element_type=\"column\">\n\t\t\t<div class=\"elementor-widget-wrap elementor-element-populated\">\n\t\t\t\t\t\t<div class=\"elementor-element elementor-element-7048cda1 elementor-widget elementor-widget-spacer\" data-id=\"7048cda1\" data-element_type=\"widget\" data-widget_type=\"spacer.default\">\n\t\t\t\t\t\t\t<div class=\"elementor-spacer\">\n\t\t\t<div class=\"elementor-spacer-inner\"><\/div>\n\t\t<\/div>\n\t\t\t\t\t\t<\/div>\n\t\t\t\t\t<\/div>\n\t\t<\/div>\n\t\t\t\t\t<\/div>\n\t\t<\/section>\n\t\t\t\t<\/div>\n\t\t","protected":false},"excerpt":{"rendered":"<p>\u00a1Bienvenidos a Phenicia! Acerca de nosotros Somos un negocio familiar con ra\u00edces profundas y una pasi\u00f3n por la cultura, la tradici\u00f3n y el dise\u00f1o. Hoy presentamos con orgullo PHENICIA, un concepto inspirado en la rica herencia de los antiguos fenicios, reconocidos por su artesan\u00eda, su comercio y su capacidad para conectar civilizaciones a lo largo&hellip;<\/p>\n","protected":false},"author":1,"featured_media":0,"parent":0,"menu_order":0,"comment_status":"closed","ping_status":"closed","template":"template-full-width.php","meta":{"footnotes":""},"class_list":["post-129","page","type-page","status-publish","hentry"],"_links":{"self":[{"href":"https:\/\/pheniciasv.com\/shop\/wp-json\/wp\/v2\/pages\/129","targetHints":{"allow":["GET"]}}],"collection":[{"href":"https:\/\/pheniciasv.com\/shop\/wp-json\/wp\/v2\/pages"}],"about":[{"href":"https:\/\/pheniciasv.com\/shop\/wp-json\/wp\/v2\/types\/page"}],"author":[{"embeddable":true,"href":"https:\/\/pheniciasv.com\/shop\/wp-json\/wp\/v2\/users\/1"}],"replies":[{"embeddable":true,"href":"https:\/\/pheniciasv.com\/shop\/wp-json\/wp\/v2\/comments?post=129"}],"version-history":[{"count":12,"href":"https:\/\/pheniciasv.com\/shop\/wp-json\/wp\/v2\/pages\/129\/revisions"}],"predecessor-version":[{"id":4740,"href":"https:\/\/pheniciasv.com\/shop\/wp-json\/wp\/v2\/pages\/129\/revisions\/4740"}],"wp:attachment":[{"href":"https:\/\/pheniciasv.com\/shop\/wp-json\/wp\/v2\/media?parent=129"}],"curies":[{"name":"wp","href":"https:\/\/api.w.org\/{rel}","templated":true}]}}