{"id":3677,"date":"2025-12-02T19:56:01","date_gmt":"2025-12-02T19:56:01","guid":{"rendered":"https:\/\/pheniciasv.com\/shop\/index.php\/product\/azucarera-de-vidrio-pequena-con-tapa-metalica-y-cucharakx-6802-1d\/"},"modified":"2026-04-17T16:06:10","modified_gmt":"2026-04-17T16:06:10","slug":"azucarera-de-vidrio-pequena-con-tapa-metalica-y-cucharakx-6802-1d","status":"publish","type":"product","link":"https:\/\/pheniciasv.com\/shop\/producto\/azucarera-de-vidrio-pequena-con-tapa-metalica-y-cucharakx-6802-1d\/","title":{"rendered":"Azucarera de vidrio peque\u00f1a"},"content":{"rendered":"<p>Azucarera de vidrio peque\u00f1a con tapa met\u00e1lica y cuchara (KX 6802-1D)<\/p>\n","protected":false},"excerpt":{"rendered":"<p>Azucarera de vidrio peque\u00f1a con tapa met\u00e1lica y cuchara (KX 6802-1D)<\/p>\n","protected":false},"featured_media":4197,"comment_status":"open","ping_status":"closed","template":"","meta":[],"product_cat":[202],"product_tag":[],"class_list":{"0":"post-3677","1":"product","2":"type-product","3":"status-publish","4":"has-post-thumbnail","6":"product_cat-cocina","8":"first","9":"instock","10":"shipping-taxable","11":"purchasable","12":"product-type-simple","13":"col-xs-6 col-sm-4","14":"col-md-3 col-lg-3","15":"un-4-cols"},"_links":{"self":[{"href":"https:\/\/pheniciasv.com\/shop\/wp-json\/wp\/v2\/product\/3677","targetHints":{"allow":["GET"]}}],"collection":[{"href":"https:\/\/pheniciasv.com\/shop\/wp-json\/wp\/v2\/product"}],"about":[{"href":"https:\/\/pheniciasv.com\/shop\/wp-json\/wp\/v2\/types\/product"}],"replies":[{"embeddable":true,"href":"https:\/\/pheniciasv.com\/shop\/wp-json\/wp\/v2\/comments?post=3677"}],"wp:featuredmedia":[{"embeddable":true,"href":"https:\/\/pheniciasv.com\/shop\/wp-json\/wp\/v2\/media\/4197"}],"wp:attachment":[{"href":"https:\/\/pheniciasv.com\/shop\/wp-json\/wp\/v2\/media?parent=3677"}],"wp:term":[{"taxonomy":"product_cat","embeddable":true,"href":"https:\/\/pheniciasv.com\/shop\/wp-json\/wp\/v2\/product_cat?post=3677"},{"taxonomy":"product_tag","embeddable":true,"href":"https:\/\/pheniciasv.com\/shop\/wp-json\/wp\/v2\/product_tag?post=3677"}],"curies":[{"name":"wp","href":"https:\/\/api.w.org\/{rel}","templated":true}]}}