{"id":4369,"date":"2026-01-19T16:53:14","date_gmt":"2026-01-19T16:53:14","guid":{"rendered":"https:\/\/pheniciasv.com\/shop\/?post_type=product&#038;p=4369"},"modified":"2026-03-23T20:50:06","modified_gmt":"2026-03-23T20:50:06","slug":"set-6-tazas-platos-porcelana-diseno-de-arbol","status":"publish","type":"product","link":"https:\/\/pheniciasv.com\/shop\/producto\/set-6-tazas-platos-porcelana-diseno-de-arbol\/","title":{"rendered":"Set 6 tazas + platos porcelana, dise\u00f1o de \u00e1rbol."},"content":{"rendered":"<p>Set 6 tazas + platos porcelana, dise\u00f1o de \u00e1rbol-<\/p>\n","protected":false},"excerpt":{"rendered":"<p>Set 6 tazas + platos porcelana, dise\u00f1o de \u00e1rbol-<\/p>\n","protected":false},"featured_media":4370,"comment_status":"open","ping_status":"closed","template":"","meta":[],"product_cat":[64],"product_tag":[],"class_list":{"0":"post-4369","1":"product","2":"type-product","3":"status-publish","4":"has-post-thumbnail","6":"product_cat-porcelana","8":"first","9":"instock","10":"shipping-taxable","11":"purchasable","12":"product-type-simple","13":"col-xs-6 col-sm-4","14":"col-md-3 col-lg-3","15":"un-4-cols"},"_links":{"self":[{"href":"https:\/\/pheniciasv.com\/shop\/wp-json\/wp\/v2\/product\/4369","targetHints":{"allow":["GET"]}}],"collection":[{"href":"https:\/\/pheniciasv.com\/shop\/wp-json\/wp\/v2\/product"}],"about":[{"href":"https:\/\/pheniciasv.com\/shop\/wp-json\/wp\/v2\/types\/product"}],"replies":[{"embeddable":true,"href":"https:\/\/pheniciasv.com\/shop\/wp-json\/wp\/v2\/comments?post=4369"}],"wp:featuredmedia":[{"embeddable":true,"href":"https:\/\/pheniciasv.com\/shop\/wp-json\/wp\/v2\/media\/4370"}],"wp:attachment":[{"href":"https:\/\/pheniciasv.com\/shop\/wp-json\/wp\/v2\/media?parent=4369"}],"wp:term":[{"taxonomy":"product_cat","embeddable":true,"href":"https:\/\/pheniciasv.com\/shop\/wp-json\/wp\/v2\/product_cat?post=4369"},{"taxonomy":"product_tag","embeddable":true,"href":"https:\/\/pheniciasv.com\/shop\/wp-json\/wp\/v2\/product_tag?post=4369"}],"curies":[{"name":"wp","href":"https:\/\/api.w.org\/{rel}","templated":true}]}}