{"id":4393,"date":"2026-01-22T14:42:35","date_gmt":"2026-01-22T14:42:35","guid":{"rendered":"https:\/\/pheniciasv.com\/shop\/?post_type=product&#038;p=4393"},"modified":"2026-03-23T20:50:08","modified_gmt":"2026-03-23T20:50:08","slug":"set-12-tazas-para-expresso-diseno-de-arbol","status":"publish","type":"product","link":"https:\/\/pheniciasv.com\/shop\/producto\/set-12-tazas-para-expresso-diseno-de-arbol\/","title":{"rendered":"Set 12 tazas para expresso, dise\u00f1o de \u00e1rbol."},"content":{"rendered":"<p>Set 12 tazas para expresso, dise\u00f1o de \u00e1rbol.<\/p>\n","protected":false},"excerpt":{"rendered":"<p>Set 12 tazas para expresso, dise\u00f1o de \u00e1rbol.<\/p>\n","protected":false},"featured_media":4394,"comment_status":"open","ping_status":"closed","template":"","meta":[],"product_cat":[64],"product_tag":[],"class_list":{"0":"post-4393","1":"product","2":"type-product","3":"status-publish","4":"has-post-thumbnail","6":"product_cat-porcelana","8":"first","9":"instock","10":"shipping-taxable","11":"purchasable","12":"product-type-simple","13":"col-xs-6 col-sm-4","14":"col-md-3 col-lg-3","15":"un-4-cols"},"_links":{"self":[{"href":"https:\/\/pheniciasv.com\/shop\/wp-json\/wp\/v2\/product\/4393","targetHints":{"allow":["GET"]}}],"collection":[{"href":"https:\/\/pheniciasv.com\/shop\/wp-json\/wp\/v2\/product"}],"about":[{"href":"https:\/\/pheniciasv.com\/shop\/wp-json\/wp\/v2\/types\/product"}],"replies":[{"embeddable":true,"href":"https:\/\/pheniciasv.com\/shop\/wp-json\/wp\/v2\/comments?post=4393"}],"wp:featuredmedia":[{"embeddable":true,"href":"https:\/\/pheniciasv.com\/shop\/wp-json\/wp\/v2\/media\/4394"}],"wp:attachment":[{"href":"https:\/\/pheniciasv.com\/shop\/wp-json\/wp\/v2\/media?parent=4393"}],"wp:term":[{"taxonomy":"product_cat","embeddable":true,"href":"https:\/\/pheniciasv.com\/shop\/wp-json\/wp\/v2\/product_cat?post=4393"},{"taxonomy":"product_tag","embeddable":true,"href":"https:\/\/pheniciasv.com\/shop\/wp-json\/wp\/v2\/product_tag?post=4393"}],"curies":[{"name":"wp","href":"https:\/\/api.w.org\/{rel}","templated":true}]}}