{"id":4517,"date":"2026-02-01T17:23:30","date_gmt":"2026-02-01T17:23:30","guid":{"rendered":"https:\/\/pheniciasv.com\/shop\/?post_type=product&#038;p=4517"},"modified":"2026-03-23T20:50:20","modified_gmt":"2026-03-23T20:50:20","slug":"termo-diseno-arabe-interior-de-vidrio-1-l","status":"publish","type":"product","link":"https:\/\/pheniciasv.com\/shop\/producto\/termo-diseno-arabe-interior-de-vidrio-1-l\/","title":{"rendered":"Termo dise\u00f1o arabe, interior de vidrio 1 L"},"content":{"rendered":"<p>Termo dise\u00f1o arabe NEGRO PARA T\u00c9, interior de vidrio1 L (GB-T)<\/p>\n","protected":false},"excerpt":{"rendered":"<p>Termo dise\u00f1o arabe NEGRO PARA T\u00c9, interior de vidrio1 L (GB-T)<\/p>\n","protected":false},"featured_media":4518,"comment_status":"open","ping_status":"closed","template":"","meta":[],"product_cat":[202],"product_tag":[],"class_list":{"0":"post-4517","1":"product","2":"type-product","3":"status-publish","4":"has-post-thumbnail","6":"product_cat-cocina","8":"first","9":"instock","10":"shipping-taxable","11":"purchasable","12":"product-type-simple","13":"col-xs-6 col-sm-4","14":"col-md-3 col-lg-3","15":"un-4-cols"},"_links":{"self":[{"href":"https:\/\/pheniciasv.com\/shop\/wp-json\/wp\/v2\/product\/4517","targetHints":{"allow":["GET"]}}],"collection":[{"href":"https:\/\/pheniciasv.com\/shop\/wp-json\/wp\/v2\/product"}],"about":[{"href":"https:\/\/pheniciasv.com\/shop\/wp-json\/wp\/v2\/types\/product"}],"replies":[{"embeddable":true,"href":"https:\/\/pheniciasv.com\/shop\/wp-json\/wp\/v2\/comments?post=4517"}],"wp:featuredmedia":[{"embeddable":true,"href":"https:\/\/pheniciasv.com\/shop\/wp-json\/wp\/v2\/media\/4518"}],"wp:attachment":[{"href":"https:\/\/pheniciasv.com\/shop\/wp-json\/wp\/v2\/media?parent=4517"}],"wp:term":[{"taxonomy":"product_cat","embeddable":true,"href":"https:\/\/pheniciasv.com\/shop\/wp-json\/wp\/v2\/product_cat?post=4517"},{"taxonomy":"product_tag","embeddable":true,"href":"https:\/\/pheniciasv.com\/shop\/wp-json\/wp\/v2\/product_tag?post=4517"}],"curies":[{"name":"wp","href":"https:\/\/api.w.org\/{rel}","templated":true}]}}