{"id":5001,"date":"2026-03-18T23:23:37","date_gmt":"2026-03-18T23:23:37","guid":{"rendered":"https:\/\/pheniciasv.com\/shop\/producto\/lampara-turca-de-techo-en-espiral-multicolor-7-globos-7pulg-sin-tapa-y-con-arcilla\/"},"modified":"2026-03-25T04:18:21","modified_gmt":"2026-03-25T04:18:21","slug":"lampara-turca-de-techo-en-espiral-multicolor-7-globos-7pulg-sin-tapa-y-con-arcilla","status":"publish","type":"product","link":"https:\/\/pheniciasv.com\/shop\/producto\/lampara-turca-de-techo-en-espiral-multicolor-7-globos-7pulg-sin-tapa-y-con-arcilla\/","title":{"rendered":"L\u00e1mpara turca de techo en espiral, multicolor 7 globos, 7pulg sin tapa y con arcilla"},"content":{"rendered":"<p data-start=\"589\" data-end=\"731\"><strong data-start=\"589\" data-end=\"619\">Dise\u00f1o artesanal aut\u00e9ntico<\/strong><br data-start=\"619\" data-end=\"622\" \/>Cada esfera de vidrio est\u00e1 ensamblada a mano con mosaicos de colores, lo que hace que cada l\u00e1mpara sea \u00fanica.<\/p>\n<p data-start=\"733\" data-end=\"853\"><strong data-start=\"733\" data-end=\"768\">Iluminaci\u00f3n c\u00e1lida y decorativa<\/strong><br data-start=\"768\" data-end=\"771\" \/>Los mosaicos crean reflejos de luz que aportan un ambiente acogedor y sofisticado.<\/p>\n<p data-start=\"855\" data-end=\"913\"><strong data-start=\"855\" data-end=\"888\">Pieza decorativa protagonista<\/strong><br data-start=\"888\" data-end=\"891\" \/>Ideal para colocar en:<\/p>\n<ul data-start=\"914\" data-end=\"1023\">\n<li data-section-id=\"1mdh1b9\" data-start=\"914\" data-end=\"932\">Sala principal<\/li>\n<li data-section-id=\"1fihx80\" data-start=\"933\" data-end=\"953\">\u00c1rea de escalera<\/li>\n<li data-section-id=\"84la51\" data-start=\"954\" data-end=\"965\">Comedor<\/li>\n<li data-section-id=\"9z7lg9\" data-start=\"966\" data-end=\"995\">Recibidor de doble altura<\/li>\n<li data-section-id=\"d5bzjs\" data-start=\"996\" data-end=\"1023\">Espacios con techos altos<\/li>\n<\/ul>\n<p data-start=\"1025\" data-end=\"1140\"><strong data-start=\"1025\" data-end=\"1050\">Estructura resistente<\/strong><br data-start=\"1050\" data-end=\"1053\" \/>Base met\u00e1lica con acabado decorativo tradicional que asegura durabilidad y estabilidad.<\/p>\n<hr data-start=\"1142\" data-end=\"1145\" \/>\n<h3 data-section-id=\"ag17c4\" data-start=\"1147\" data-end=\"1183\">Especificaciones del Producto<\/h3>\n<ul data-start=\"1185\" data-end=\"1420\">\n<li data-section-id=\"1wteidb\" data-start=\"1185\" data-end=\"1224\"><strong data-start=\"1187\" data-end=\"1196\">Tipo:<\/strong> L\u00e1mpara colgante de techo<\/li>\n<li data-section-id=\"1i4pea1\" data-start=\"1225\" data-end=\"1274\"><strong data-start=\"1227\" data-end=\"1250\">Cantidad de globos:<\/strong> 5 l\u00e1mparas de mosaico<\/li>\n<li data-section-id=\"ugu6l1\" data-start=\"1275\" data-end=\"1339\"><strong data-start=\"1277\" data-end=\"1290\">Material:<\/strong> Vidrio mosaico artesanal + estructura met\u00e1lica<\/li>\n<li data-section-id=\"m6mc7d\" data-start=\"1340\" data-end=\"1420\"><strong data-start=\"1342\" data-end=\"1354\">Colores:<\/strong> Multicolor (rojo, azul, turquesa, dorado y mosaico tradicional)<\/li>\n<\/ul>\n<p data-start=\"1422\" data-end=\"1446\"><strong data-start=\"1422\" data-end=\"1446\">Medidas aproximadas:<\/strong><\/p>\n<ul data-start=\"1448\" data-end=\"1571\">\n<li data-section-id=\"19dvunf\" data-start=\"1448\" data-end=\"1481\"><strong data-start=\"1450\" data-end=\"1467\">Altura total:<\/strong> 90 \u2013 110 cm<\/li>\n<li data-section-id=\"1sqek9b\" data-start=\"1482\" data-end=\"1525\"><strong data-start=\"1484\" data-end=\"1512\">Di\u00e1metro de cada esfera:<\/strong> 15 \u2013 18 cm<\/li>\n<li data-section-id=\"1vy3g07\" data-start=\"1526\" data-end=\"1571\"><strong data-start=\"1528\" data-end=\"1558\">Di\u00e1metro de base superior:<\/strong> 25 \u2013 30 cm<\/li>\n<\/ul>\n<p data-start=\"1573\" data-end=\"1649\"><em data-start=\"1573\" data-end=\"1649\">(Las medidas pueden variar ligeramente debido a su fabricaci\u00f3n artesanal.)<\/em><\/p>\n<hr data-start=\"1651\" data-end=\"1654\" \/>\n<h3 data-section-id=\"wgf5b1\" data-start=\"1656\" data-end=\"1679\">Tipo de bombillo<\/h3>\n<ul data-start=\"1681\" data-end=\"1824\">\n<li data-section-id=\"1xy46ti\" data-start=\"1681\" data-end=\"1725\">Compatible con <strong data-start=\"1698\" data-end=\"1725\">bombillos LED o c\u00e1lidos<\/strong><\/li>\n<li data-section-id=\"1x43wk7\" data-start=\"1726\" data-end=\"1756\">Rosca est\u00e1ndar <strong data-start=\"1743\" data-end=\"1756\">E12 \/ E14<\/strong><\/li>\n<li data-section-id=\"1tw9in\" data-start=\"1757\" data-end=\"1824\">Recomendado: <strong data-start=\"1772\" data-end=\"1824\">luz c\u00e1lida para resaltar los colores del mosaico<\/strong><\/li>\n<\/ul>\n<hr data-start=\"1826\" data-end=\"1829\" \/>\n<h3 data-section-id=\"1afhinw\" data-start=\"1831\" data-end=\"1848\">Ideal para<\/h3>\n<ul data-start=\"1850\" data-end=\"1990\">\n<li data-section-id=\"gjnpey\" data-start=\"1850\" data-end=\"1878\">Casas con <strong data-start=\"1862\" data-end=\"1878\">techos medios-altos<\/strong><\/li>\n<li data-section-id=\"ngjl4y\" data-start=\"1879\" data-end=\"1936\">Decoraci\u00f3n <strong data-start=\"1892\" data-end=\"1936\">boho, mediterr\u00e1nea, oriental o ecl\u00e9ctica<\/strong><\/li>\n<li data-section-id=\"1n1uazx\" data-start=\"1937\" data-end=\"1990\">Espacios que buscan una <strong data-start=\"1963\" data-end=\"1990\">pieza \u00fanica y art\u00edstica<\/strong><\/li>\n<\/ul>\n","protected":false},"excerpt":{"rendered":"<p>Dise\u00f1o artesanal aut\u00e9nticoCada esfera de vidrio est\u00e1 ensamblada a mano con mosaicos de colores, lo que hace que cada l\u00e1mpara sea \u00fanica. Iluminaci\u00f3n c\u00e1lida y decorativaLos mosaicos crean reflejos de luz que aportan un ambiente acogedor y sofisticado. Pieza decorativa protagonistaIdeal para colocar en: Sala principal \u00c1rea de escalera Comedor Recibidor de doble altura Espacios&hellip;<\/p>\n","protected":false},"featured_media":5529,"comment_status":"open","ping_status":"closed","template":"","meta":[],"product_cat":[15],"product_tag":[],"class_list":{"0":"post-5001","1":"product","2":"type-product","3":"status-publish","4":"has-post-thumbnail","6":"product_cat-sin-categoria","8":"first","9":"outofstock","10":"shipping-taxable","11":"purchasable","12":"product-type-simple","13":"col-xs-6 col-sm-4","14":"col-md-3 col-lg-3","15":"un-4-cols"},"_links":{"self":[{"href":"https:\/\/pheniciasv.com\/shop\/wp-json\/wp\/v2\/product\/5001","targetHints":{"allow":["GET"]}}],"collection":[{"href":"https:\/\/pheniciasv.com\/shop\/wp-json\/wp\/v2\/product"}],"about":[{"href":"https:\/\/pheniciasv.com\/shop\/wp-json\/wp\/v2\/types\/product"}],"replies":[{"embeddable":true,"href":"https:\/\/pheniciasv.com\/shop\/wp-json\/wp\/v2\/comments?post=5001"}],"wp:featuredmedia":[{"embeddable":true,"href":"https:\/\/pheniciasv.com\/shop\/wp-json\/wp\/v2\/media\/5529"}],"wp:attachment":[{"href":"https:\/\/pheniciasv.com\/shop\/wp-json\/wp\/v2\/media?parent=5001"}],"wp:term":[{"taxonomy":"product_cat","embeddable":true,"href":"https:\/\/pheniciasv.com\/shop\/wp-json\/wp\/v2\/product_cat?post=5001"},{"taxonomy":"product_tag","embeddable":true,"href":"https:\/\/pheniciasv.com\/shop\/wp-json\/wp\/v2\/product_tag?post=5001"}],"curies":[{"name":"wp","href":"https:\/\/api.w.org\/{rel}","templated":true}]}}